{"id":662,"date":"2013-12-10T12:36:39","date_gmt":"2013-08-03T16:24:39","guid":{"rendered":"https:\/\/gulfcaredubai.com\/funeral-services\/?page_id=662"},"modified":"2025-05-07T16:36:37","modified_gmt":"2025-05-07T12:36:37","slug":"servizi-di-sepoltura-cremazione","status":"publish","type":"page","link":"https:\/\/gulfcaredubai.com\/funeral-services\/it\/servizi\/servizi-di-sepoltura-cremazione\/","title":{"rendered":"Servizi di Sepoltura \/ Cremazione"},"content":{"rendered":"<div class=\"varibox row\">\n<div class=\"col-12\">\n<h3 class=\"text-center corsivo\">Forniamo servizi di sepoltura e cremazione a Dubai e in tutti gli EAU<\/h3>\n<\/div>\n<div class=\"col-12\">\n<ul class=\"elencoserv\">\n<li style=\"list-style-type: none;\">\n<ul class=\"elencoserv\">\n<li>Imbalsamazione e vestizione della salma<\/li>\n<li>Fornitura di bare e urne locali e importate<\/li>\n<li>Cancellazione del passaporto presso ambasciate\/consolati<\/li>\n<li>Assistenza nella prenotazione di terreni cimiteriali, fiorai, chiese e servizi di cremazione<\/li>\n<li>Permesso di cremazione e permesso di sepoltura a Dubai e oltre<\/li>\n<li>Servizio di ambulanza dall&#8217;obitorio alla chiesa o al crematorio per i riti funebri<\/li>\n<li>Coordinamento con cimiteri e crematori<\/li>\n<li>Fornitura e installazione di lapidi o simboli commemorativi<\/li>\n<li>Rimpatrio delle ceneri e cerimonie funebri<\/li>\n<\/ul>\n<\/li>\n<\/ul>\n<p><img fetchpriority=\"high\" decoding=\"async\" width=\"1980\" height=\"1320\" class=\"img-fluid alignnone wp-image-934 size-full img-fluid\" src=\"https:\/\/gulfcaredubai.com\/funeral-services\/wp-content\/uploads\/2021\/03\/IMG_1277.jpg\" alt=\"\" \/><\/p>\n<ul class=\"elencoserv\">\n<li>Serviamo le famiglie in tutte le citt\u00e0 degli Emirati Arabi Uniti, tra cui Dubai, Abu Dhabi, Sharjah, Ajman, Fujairah, Ras Al Khaimah e Umm Al Quwain.<\/li>\n<li>I nostri servizi si rivolgono a tutte le religioni, compresi cristiani, ebrei, ind\u00f9, buddisti e musulmani.<\/li>\n<\/ul>\n<h2>FAQ &#8211; Informazioni sui servizi di cremazione e sepoltura negli EAU<\/h2>\n<h3>Qual \u00e8 il primo passo per organizzare la cremazione o la sepoltura negli EAU?<\/h3>\n<p>Il primo passo \u00e8 ottenere un certificato di morte ufficiale dalle autorit\u00e0 degli EAU. Questo documento \u00e8 necessario per procedere con la cremazione o la sepoltura.<\/p>\n<h3>Che cos&#8217;\u00e8 un certificato di non obiezione (NOC) e perch\u00e9 \u00e8 necessario?<\/h3>\n<p>Il NOC viene rilasciato dall&#8217;ambasciata o dal consolato del defunto per confermare che non ci sono obiezioni alla cremazione o alla sepoltura. \u00c8 richiesto per legge per conformarsi alle leggi degli Emirati Arabi Uniti e del Paese d&#8217;origine.<\/p>\n<h3>Quando \u00e8 necessario il nulla osta della polizia?<\/h3>\n<p>L&#8217;autorizzazione della polizia \u00e8 necessaria se il decesso \u00e8 avvenuto al di fuori di un ospedale o in circostanze sospette, per escludere l&#8217;ipotesi di un omicidio.<\/p>\n<h3>Come scegliere un fornitore di servizi di cremazione o sepoltura negli EAU?<\/h3>\n<p>Scegliere un fornitore che offra:<\/p>\n<ul>\n<li>Gamma di servizi e prodotti<\/li>\n<li>Assistenza multilingue<\/li>\n<li>Assistenza alla documentazione<\/li>\n<li>Rispetto delle usanze religiose<\/li>\n<li>Assistenza di emergenza 24 ore su 24, 7 giorni su 7<\/li>\n<li>Prezzi trasparenti<\/li>\n<li>Esperienza e compassione<\/li>\n<\/ul>\n<h3>Quale supporto possono aspettarsi le famiglie da servizi professionali di cremazione\/seppellimento?<\/h3>\n<p>Le famiglie possono aspettarsi:<\/p>\n<ul>\n<li>Aiuto per la documentazione<\/li>\n<li>Assistenza nella lingua preferita<\/li>\n<li>Disponibilit\u00e0 di emergenza 24\/7<\/li>\n<li>Costi trasparenti<\/li>\n<li>Coordinamento con le autorit\u00e0 religiose<\/li>\n<li>Assistenza compassionevole<\/li>\n<\/ul>\n<h3>Quali considerazioni speciali esistono per gli espatriati che organizzano servizi di cremazione o sepoltura?<\/h3>\n<p>Gli espatriati devono gestire l&#8217;autorizzazione dell&#8217;ambasciata, la documentazione extra e decidere tra i servizi locali o il rimpatrio.<\/p>\n<h3>Che cosa rende difficile per gli stranieri organizzare la cremazione o la sepoltura negli Emirati Arabi Uniti?<\/h3>\n<p>Gli stranieri si trovano ad affrontare sfide dovute a leggi locali poco conosciute, barriere linguistiche e differenze culturali in un momento difficile.<\/p>\n<h3>Cosa succede se una persona muore mentre \u00e8 in visita negli EAU come turista?<\/h3>\n<p>La procedura prevede l&#8217;ottenimento di un certificato di morte e il coordinamento con l&#8217;ambasciata per la cremazione, la sepoltura o il rimpatrio.<\/p>\n<h2>Domande specifiche sulla cremazione<\/h2>\n<h3>Chi pu\u00f2 usufruire dei servizi di cremazione negli EAU?<\/h3>\n<p>I servizi di cremazione negli EAU sono disponibili per i non musulmani. Gli EAU rispettano le tradizioni di tutte le religioni, pur mantenendo le usanze islamiche predominanti.<\/p>\n<h3>Dove sono disponibili le strutture per la cremazione negli EAU?<\/h3>\n<p>Le strutture per la cremazione sono disponibili a Dubai, Al Ain (vicino ad Abu Dhabi) e Sharjah.<\/p>\n<h3>Qual \u00e8 il processo di cremazione negli EAU?<\/h3>\n<p>Il processo prevede:<\/p>\n<ul>\n<li>Contattare un fornitore di servizi funebri<\/li>\n<li>Raccolta e presentazione dei documenti necessari<\/li>\n<li>Programmare la cremazione una volta ottenuta l&#8217;approvazione<\/li>\n<li>Decidere le opzioni per il dopo cremazione<\/li>\n<\/ul>\n<h3>Quali sono le opzioni disponibili dopo la cremazione?<\/h3>\n<p>Dopo la cremazione, le famiglie possono conservare le ceneri, disperderle in un luogo significativo o rimpatriarle nel Paese di origine del defunto.<\/p>\n<h3>I resti di un cittadino straniero possono essere rimpatriati dopo la cremazione?<\/h3>\n<p>S\u00ec, il rimpatrio delle ceneri nel Paese d&#8217;origine del defunto \u00e8 una delle opzioni disponibili per le famiglie dopo la cremazione.<\/p>\n<h2>Domande specifiche sulla sepoltura<\/h2>\n<h3>Ci sono procedure di sepoltura diverse per i musulmani e i non musulmani negli Emirati Arabi Uniti?<\/h3>\n<p>S\u00ec, esistono procedure diverse e cimiteri designati per i musulmani e i non musulmani, nel rispetto delle specifiche esigenze religiose di ciascuna fede.<\/p>\n<h3>In quanto tempo deve avvenire la sepoltura negli EAU?<\/h3>\n<p>Per i musulmani, la sepoltura avviene in genere entro 24 ore dalla morte. Per i non musulmani, la tempistica \u00e8 pi\u00f9 flessibile ma comunque tempestiva.<\/p>\n<h3>Dove si trovano i campi di sepoltura negli EAU?<\/h3>\n<p>Esistono campi di sepoltura in tutte le principali citt\u00e0. I musulmani e i non musulmani sono sepolti in cimiteri separati o in sezioni designate a Dubai, Abu Dhabi e Sharjah.<\/p>\n<h3>Qual \u00e8 il processo di sepoltura negli EAU?<\/h3>\n<p>Il processo di sepoltura prevede:<\/p>\n<ul>\n<li>Contattare un fornitore di servizi funebri<\/li>\n<li>Raccogliere e presentare i documenti necessari<\/li>\n<li>Preparare la salma secondo le usanze religiose<\/li>\n<li>Ottenere i permessi di sepoltura<\/li>\n<li>Condurre la cerimonia di sepoltura secondo le tradizioni religiose o culturali<\/li>\n<\/ul>\n<h3>Le famiglie possono visitare le tombe negli Emirati Arabi Uniti dopo la sepoltura?<\/h3>\n<p>S\u00ec, le famiglie possono visitare le tombe nei cimiteri designati, anche se le pratiche possono variare in base alla religione e alla localit\u00e0.<\/p>\n<h3>Come vengono assegnati i lotti di sepoltura nei cimiteri degli Emirati Arabi Uniti?<\/h3>\n<p>Nei cimiteri musulmani, i lotti vengono solitamente assegnati al momento del decesso. Le politiche dei cimiteri non musulmani variano a seconda della struttura e delle normative locali.<\/p>\n<\/div>\n<\/div>\n","protected":false},"excerpt":{"rendered":"<p>Forniamo servizi di sepoltura e cremazione a Dubai e in tutti gli EAU Imbalsamazione e vestizione della salma Fornitura di bare e urne locali e importate Cancellazione del passaporto presso ambasciate\/consolati Assistenza nella prenotazione di terreni cimiteriali, fiorai, chiese e servizi di cremazione Permesso di cremazione e permesso di sepoltura a Dubai e oltre Servizio [&hellip;]<\/p>\n","protected":false},"author":1,"featured_media":0,"parent":497,"menu_order":0,"comment_status":"closed","ping_status":"closed","template":"","meta":{"footnotes":""},"class_list":["post-662","page","type-page","status-publish","hentry"],"rttpg_featured_image_url":null,"rttpg_author":{"display_name":"admin","author_link":"https:\/\/gulfcaredubai.com\/funeral-services\/author\/admin\/"},"rttpg_comment":0,"rttpg_category":" <a href=\"https:\/\/gulfcaredubai.com\/funeral-services\/it\/\" rel=\"tag\">Italiano<\/a>","rttpg_excerpt":"Forniamo servizi di sepoltura e cremazione a Dubai e in tutti gli EAU Imbalsamazione e vestizione della salma Fornitura di bare e urne locali e importate Cancellazione del passaporto presso ambasciate\/consolati Assistenza nella prenotazione di terreni cimiteriali, fiorai, chiese e servizi di cremazione Permesso di cremazione e permesso di sepoltura a Dubai e oltre Servizio&hellip;","_links":{"self":[{"href":"https:\/\/gulfcaredubai.com\/funeral-services\/wp-json\/wp\/v2\/pages\/662","targetHints":{"allow":["GET"]}}],"collection":[{"href":"https:\/\/gulfcaredubai.com\/funeral-services\/wp-json\/wp\/v2\/pages"}],"about":[{"href":"https:\/\/gulfcaredubai.com\/funeral-services\/wp-json\/wp\/v2\/types\/page"}],"author":[{"embeddable":true,"href":"https:\/\/gulfcaredubai.com\/funeral-services\/wp-json\/wp\/v2\/users\/1"}],"replies":[{"embeddable":true,"href":"https:\/\/gulfcaredubai.com\/funeral-services\/wp-json\/wp\/v2\/comments?post=662"}],"version-history":[{"count":8,"href":"https:\/\/gulfcaredubai.com\/funeral-services\/wp-json\/wp\/v2\/pages\/662\/revisions"}],"predecessor-version":[{"id":5898,"href":"https:\/\/gulfcaredubai.com\/funeral-services\/wp-json\/wp\/v2\/pages\/662\/revisions\/5898"}],"up":[{"embeddable":true,"href":"https:\/\/gulfcaredubai.com\/funeral-services\/wp-json\/wp\/v2\/pages\/497"}],"wp:attachment":[{"href":"https:\/\/gulfcaredubai.com\/funeral-services\/wp-json\/wp\/v2\/media?parent=662"}],"curies":[{"name":"wp","href":"https:\/\/api.w.org\/{rel}","templated":true}]}}