{"id":656,"date":"2013-12-10T12:32:38","date_gmt":"2013-08-03T16:23:55","guid":{"rendered":"https:\/\/gulfcaredubai.com\/funeral-services\/?page_id=656"},"modified":"2024-07-08T17:24:19","modified_gmt":"2024-07-08T13:24:19","slug":"incombenze-e-documentazione","status":"publish","type":"page","link":"https:\/\/gulfcaredubai.com\/funeral-services\/it\/servizi\/incombenze-e-documentazione\/","title":{"rendered":"Incombenze e documentazione"},"content":{"rendered":"<div class=\"varibox row\">\n<div class=\"col-12\">\n<p>Affrontare la procedura legale dopo la perdita di una persona cara pu\u00f2 essere travolgente. Noi di Gulf Care &#8211; Coppola Funeral Services comprendiamo la complessit\u00e0 delle pratiche burocratiche e della documentazione funeraria. Il nostro team dedicato \u00e8 a disposizione per aiutarvi a ottenere tutti i documenti necessari, in modo che possiate dedicare il vostro tempo a elaborare il lutto e onorare la persona che avete perso.<\/p>\n<h3>Forniamo assistenza per ottenere tutti i documenti necessari<\/h3>\n<ul class=\"elencoserv\">\n<li>Certificato di morte e traduzione legale<\/li>\n<li>Attestati dei ministeri della sanit\u00e0 e degli affari esteri<\/li>\n<li>Annullamento del passaporto da parte delle ambasciate\/consolati<\/li>\n<li>Lettera di rilascio dal dipartimento di polizia<\/li>\n<li>Documentazione funeraria<\/li>\n<\/ul>\n<p><img fetchpriority=\"high\" decoding=\"async\" width=\"1200\" height=\"338\" class=\"img-fluid alignnone wp-image-988 size-full img-fluid\" src=\"https:\/\/gulfcaredubai.com\/funeral-services\/wp-content\/uploads\/2021\/03\/paperwork.jpg\" alt=\"\" \/><\/p>\n<h3>Ottenere il certificato di morte e la traduzione legale<\/h3>\n<p>Il primo e pi\u00f9 importante passo della documentazione funeraria \u00e8 l&#8217;ottenimento del certificato di morte. Questo documento \u00e8 essenziale per tutte le procedure amministrative. I nostri servizi comprendono l&#8217;ottenimento del certificato di morte, l&#8217;attestazione del certificato di morte e la sua traduzione legale.<\/p>\n<h3>Attestato dei Ministeri della Sanit\u00e0 e degli Affari Esteri<\/h3>\n<p>Per il riconoscimento internazionale del certificato di morte e di altri documenti correlati, \u00e8 necessaria l&#8217;attestazione del Ministero della Salute e del Ministero degli Affari Esteri. Questo passo \u00e8 fondamentale per il processo di rimpatrio, per le questioni legali e per il trasferimento dei beni del defunto nel Paese d&#8217;origine. Possiamo gestire il processo di attestazione per vostro conto, assicurandoci che i documenti siano accettati sia a livello locale che internazionale.<\/p>\n<h3>Cancellazione del passaporto da ambasciate e consolati<\/h3>\n<p>La cancellazione del passaporto \u00e8 un altro compito importante dopo il decesso. Questo processo \u00e8 essenziale per prevenire il furto di identit\u00e0 e per conservare i documenti. Comunichiamo direttamente con le ambasciate o i consolati per facilitare il processo di cancellazione. Il nostro team presenta i documenti richiesti e segue le ambasciate o i consolati per assicurarsi che il passaporto venga annullato tempestivamente.<\/p>\n<h3>Ottenere una lettera di rilascio dal dipartimento di polizia<\/h3>\n<p>Questo documento certifica che non ci sono indagini in corso o questioni legali relative alla persona deceduta. Il nostro team lavora a stretto contatto con il dipartimento di polizia locale per ottenere questa lettera di rilascio in modo efficiente.<\/p>\n<h3>Documentazione per il rimpatrio<\/h3>\n<p>Per le famiglie che desiderano rimpatriare i propri cari nel paese d&#8217;origine, i nostri servizi di documentazione coprono tutte le pratiche necessarie. Ci\u00f2 comporta il contatto con le compagnie aeree per ottenere i permessi e garantire la conformit\u00e0 alle normative locali e internazionali.<\/p>\n<h3>Impegno per l&#8217;eccellenza<\/h3>\n<p>In sintesi, il nostro obiettivo \u00e8 quello di alleggerire il vostro peso in un momento difficile, fornendovi un&#8217;assistenza completa per tutte le pratiche e i documenti essenziali. Dall&#8217;ottenimento di certificati di morte e traduzioni legali alla gestione di attestati, cancellazioni di passaporti e rilasci da parte del dipartimento di polizia, siamo qui per sostenervi in ogni fase del processo.<\/p>\n<\/div>\n<\/div>\n","protected":false},"excerpt":{"rendered":"<p>Affrontare la procedura legale dopo la perdita di una persona cara pu\u00f2 essere travolgente. Noi di Gulf Care &#8211; Coppola Funeral Services comprendiamo la complessit\u00e0 delle pratiche burocratiche e della documentazione funeraria. Il nostro team dedicato \u00e8 a disposizione per aiutarvi a ottenere tutti i documenti necessari, in modo che possiate dedicare il vostro tempo [&hellip;]<\/p>\n","protected":false},"author":1,"featured_media":0,"parent":497,"menu_order":0,"comment_status":"closed","ping_status":"closed","template":"","meta":{"footnotes":""},"class_list":["post-656","page","type-page","status-publish","hentry"],"rttpg_featured_image_url":null,"rttpg_author":{"display_name":"admin","author_link":"https:\/\/gulfcaredubai.com\/funeral-services\/author\/admin\/"},"rttpg_comment":0,"rttpg_category":" <a href=\"https:\/\/gulfcaredubai.com\/funeral-services\/it\/\" rel=\"tag\">Italiano<\/a>","rttpg_excerpt":"Affrontare la procedura legale dopo la perdita di una persona cara pu\u00f2 essere travolgente. Noi di Gulf Care &#8211; Coppola Funeral Services comprendiamo la complessit\u00e0 delle pratiche burocratiche e della documentazione funeraria. Il nostro team dedicato \u00e8 a disposizione per aiutarvi a ottenere tutti i documenti necessari, in modo che possiate dedicare il vostro tempo&hellip;","_links":{"self":[{"href":"https:\/\/gulfcaredubai.com\/funeral-services\/wp-json\/wp\/v2\/pages\/656","targetHints":{"allow":["GET"]}}],"collection":[{"href":"https:\/\/gulfcaredubai.com\/funeral-services\/wp-json\/wp\/v2\/pages"}],"about":[{"href":"https:\/\/gulfcaredubai.com\/funeral-services\/wp-json\/wp\/v2\/types\/page"}],"author":[{"embeddable":true,"href":"https:\/\/gulfcaredubai.com\/funeral-services\/wp-json\/wp\/v2\/users\/1"}],"replies":[{"embeddable":true,"href":"https:\/\/gulfcaredubai.com\/funeral-services\/wp-json\/wp\/v2\/comments?post=656"}],"version-history":[{"count":6,"href":"https:\/\/gulfcaredubai.com\/funeral-services\/wp-json\/wp\/v2\/pages\/656\/revisions"}],"predecessor-version":[{"id":2957,"href":"https:\/\/gulfcaredubai.com\/funeral-services\/wp-json\/wp\/v2\/pages\/656\/revisions\/2957"}],"up":[{"embeddable":true,"href":"https:\/\/gulfcaredubai.com\/funeral-services\/wp-json\/wp\/v2\/pages\/497"}],"wp:attachment":[{"href":"https:\/\/gulfcaredubai.com\/funeral-services\/wp-json\/wp\/v2\/media?parent=656"}],"curies":[{"name":"wp","href":"https:\/\/api.w.org\/{rel}","templated":true}]}}