{"id":502,"date":"2013-11-25T15:12:16","date_gmt":"2013-08-03T16:21:53","guid":{"rendered":"https:\/\/gulfcaredubai.com\/funeral-services\/?page_id=502"},"modified":"2024-07-09T15:16:06","modified_gmt":"2024-07-09T11:16:06","slug":"prodotti","status":"publish","type":"page","link":"https:\/\/gulfcaredubai.com\/funeral-services\/it\/prodotti\/","title":{"rendered":"Prodotti"},"content":{"rendered":"<div class=\"row varibox\">\n<div class=\"col-12 wow animate__animated animate__fadeIn\">\n<h3 class=\"text-center\" style=\"text-align: center;\">Siamo specializzati nella fornitura di prodotti speciali necessari per le occasioni legate ai funerali.<br \/>\nLa nostra gamma di prodotti comprende bare di alta qualit\u00e0, casse funebri economiche, urne per le ceneri e un&#8217;ampia variet\u00e0 di altri prodotti come bouquet funebri e corone.<br \/>\nDi seguito \u00e8 riportata una selezione di bare e urne, con ulteriori varianti e stili disponibili.<\/h3>\n<\/div>\n<\/div>\n<div class=\"row varibox\">\n<div class=\"col-12\">\n<h4 class=\"text-center\">Alcuni esempi di Bare e Urne<\/h4>\n\t\t<div style=\"clear:both\"><\/div>\n\t\t<div class=\"psgal_wrap\">\n\t\t\t<div id=\"psgal_502_1\" data-psgal_id=\"502_1\" data-psgal_container_id=\"container_502_1\" data-psgal_thumbnail_width=\"320\" data-psgal_use_masonary=\"0\" class=\"psgal-inline psgal gallery-columns-3 gallery-size-thumbnail use_masonry_ show_captions_1\" itemscope itemtype=\"http:\/\/schema.org\/ImageGallery\">\n\t\t\t\t\t\t\t\t\t\t<figure class=\"msnry_items\" itemscope itemtype=\"http:\/\/schema.org\/ImageObject\" style=\"width:320px;\">\n\t\t\t\t\t\t\t<a href=\"https:\/\/gulfcaredubai.com\/funeral-services\/wp-content\/uploads\/2022\/06\/WhatsApp-Image-2022-06-22-at-18.20.30-1.jpeg\" itemprop=\"contentUrl\" data-size=\"1280x720\" data-caption=\"\" style=\"height:174.375px;\">\n\t\t\t\t\t\t\t\t<img decoding=\"async\" class=\"msnry_thumb\" src=\"https:\/\/gulfcaredubai.com\/funeral-services\/wp-content\/uploads\/2022\/06\/WhatsApp-Image-2022-06-22-at-18.20.30-1-640x360.jpeg\" itemprop=\"thumbnail\" alt=\"\" \/>\n\t\t\t\t\t\t\t<\/a>\n\t\t\t\t\t\t\t\t\t\t\t\t\t\t<figcaption class=\"photoswipe-gallery-caption\" style=\" \"><\/figcaption>\n\n\t\t\t\t\t\t<\/figure>\n\t\t\t\t\t\t\t\t\t\t<figure class=\"msnry_items\" itemscope itemtype=\"http:\/\/schema.org\/ImageObject\" style=\"width:320px;\">\n\t\t\t\t\t\t\t<a href=\"https:\/\/gulfcaredubai.com\/funeral-services\/wp-content\/uploads\/2022\/06\/WhatsApp-Image-2022-06-22-at-18.20.26.jpeg\" itemprop=\"contentUrl\" data-size=\"1280x720\" data-caption=\"\" style=\"height:174.375px;\">\n\t\t\t\t\t\t\t\t<img decoding=\"async\" class=\"msnry_thumb\" src=\"https:\/\/gulfcaredubai.com\/funeral-services\/wp-content\/uploads\/2022\/06\/WhatsApp-Image-2022-06-22-at-18.20.26-640x360.jpeg\" itemprop=\"thumbnail\" alt=\"\" \/>\n\t\t\t\t\t\t\t<\/a>\n\t\t\t\t\t\t\t\t\t\t\t\t\t\t<figcaption class=\"photoswipe-gallery-caption\" style=\" \"><\/figcaption>\n\n\t\t\t\t\t\t<\/figure>\n\t\t\t\t\t\t\t\t\t\t<figure class=\"msnry_items\" itemscope itemtype=\"http:\/\/schema.org\/ImageObject\" style=\"width:320px;\">\n\t\t\t\t\t\t\t<a href=\"https:\/\/gulfcaredubai.com\/funeral-services\/wp-content\/uploads\/2022\/06\/WhatsApp-Image-2022-06-22-at-18.20.26-1.jpeg\" itemprop=\"contentUrl\" data-size=\"720x1280\" data-caption=\"\" style=\"height:551.11111111111px;\">\n\t\t\t\t\t\t\t\t<img decoding=\"async\" class=\"msnry_thumb\" src=\"https:\/\/gulfcaredubai.com\/funeral-services\/wp-content\/uploads\/2022\/06\/WhatsApp-Image-2022-06-22-at-18.20.26-1-360x640.jpeg\" itemprop=\"thumbnail\" alt=\"\" \/>\n\t\t\t\t\t\t\t<\/a>\n\t\t\t\t\t\t\t\t\t\t\t\t\t\t<figcaption class=\"photoswipe-gallery-caption\" style=\" \"><\/figcaption>\n\n\t\t\t\t\t\t<\/figure>\n\t\t\t\t\t\t\t\t\t\t<figure class=\"msnry_items\" itemscope itemtype=\"http:\/\/schema.org\/ImageObject\" style=\"width:320px;\">\n\t\t\t\t\t\t\t<a href=\"https:\/\/gulfcaredubai.com\/funeral-services\/wp-content\/uploads\/2022\/06\/WhatsApp-Image-2022-06-22-at-18.20.25.jpeg\" itemprop=\"contentUrl\" data-size=\"1280x720\" data-caption=\"\" style=\"height:174.375px;\">\n\t\t\t\t\t\t\t\t<img decoding=\"async\" class=\"msnry_thumb\" src=\"https:\/\/gulfcaredubai.com\/funeral-services\/wp-content\/uploads\/2022\/06\/WhatsApp-Image-2022-06-22-at-18.20.25-640x360.jpeg\" itemprop=\"thumbnail\" alt=\"Coffin Showroom - Coppola Funeral Services\" \/>\n\t\t\t\t\t\t\t<\/a>\n\t\t\t\t\t\t\t\t\t\t\t\t\t\t<figcaption class=\"photoswipe-gallery-caption\" style=\" \"><\/figcaption>\n\n\t\t\t\t\t\t<\/figure>\n\t\t\t\t\t\t\t\t\t\t<figure class=\"msnry_items\" itemscope itemtype=\"http:\/\/schema.org\/ImageObject\" style=\"width:320px;\">\n\t\t\t\t\t\t\t<a href=\"https:\/\/gulfcaredubai.com\/funeral-services\/wp-content\/uploads\/2022\/06\/WhatsApp-Image-2022-06-22-at-18.20.24.jpeg\" itemprop=\"contentUrl\" data-size=\"1280x720\" data-caption=\"\" style=\"height:174.375px;\">\n\t\t\t\t\t\t\t\t<img decoding=\"async\" class=\"msnry_thumb\" src=\"https:\/\/gulfcaredubai.com\/funeral-services\/wp-content\/uploads\/2022\/06\/WhatsApp-Image-2022-06-22-at-18.20.24-640x360.jpeg\" itemprop=\"thumbnail\" alt=\"\" \/>\n\t\t\t\t\t\t\t<\/a>\n\t\t\t\t\t\t\t\t\t\t\t\t\t\t<figcaption class=\"photoswipe-gallery-caption\" style=\" \"><\/figcaption>\n\n\t\t\t\t\t\t<\/figure>\n\t\t\t\t\t\t\t\t\t\t<figure class=\"msnry_items\" itemscope itemtype=\"http:\/\/schema.org\/ImageObject\" style=\"width:320px;\">\n\t\t\t\t\t\t\t<a href=\"https:\/\/gulfcaredubai.com\/funeral-services\/wp-content\/uploads\/2022\/06\/WhatsApp-Image-2022-06-22-at-18.20.24-1.jpeg\" itemprop=\"contentUrl\" data-size=\"720x1280\" data-caption=\"\" style=\"height:551.11111111111px;\">\n\t\t\t\t\t\t\t\t<img decoding=\"async\" class=\"msnry_thumb\" src=\"https:\/\/gulfcaredubai.com\/funeral-services\/wp-content\/uploads\/2022\/06\/WhatsApp-Image-2022-06-22-at-18.20.24-1-360x640.jpeg\" itemprop=\"thumbnail\" alt=\"\" \/>\n\t\t\t\t\t\t\t<\/a>\n\t\t\t\t\t\t\t\t\t\t\t\t\t\t<figcaption class=\"photoswipe-gallery-caption\" style=\" \"><\/figcaption>\n\n\t\t\t\t\t\t<\/figure>\n\t\t\t\t\t\t\t\t\t\t<figure class=\"msnry_items\" itemscope itemtype=\"http:\/\/schema.org\/ImageObject\" style=\"width:320px;\">\n\t\t\t\t\t\t\t<a href=\"https:\/\/gulfcaredubai.com\/funeral-services\/wp-content\/uploads\/2022\/06\/WhatsApp-Image-2022-06-22-at-18.20.23.jpeg\" itemprop=\"contentUrl\" data-size=\"1280x720\" data-caption=\"\" style=\"height:174.375px;\">\n\t\t\t\t\t\t\t\t<img decoding=\"async\" class=\"msnry_thumb\" src=\"https:\/\/gulfcaredubai.com\/funeral-services\/wp-content\/uploads\/2022\/06\/WhatsApp-Image-2022-06-22-at-18.20.23-640x360.jpeg\" itemprop=\"thumbnail\" alt=\"\" \/>\n\t\t\t\t\t\t\t<\/a>\n\t\t\t\t\t\t\t\t\t\t\t\t\t\t<figcaption class=\"photoswipe-gallery-caption\" style=\" \"><\/figcaption>\n\n\t\t\t\t\t\t<\/figure>\n\t\t\t\t\t\t\t\t\t\t<figure class=\"msnry_items\" itemscope itemtype=\"http:\/\/schema.org\/ImageObject\" style=\"width:320px;\">\n\t\t\t\t\t\t\t<a href=\"https:\/\/gulfcaredubai.com\/funeral-services\/wp-content\/uploads\/2022\/06\/WhatsApp-Image-2022-06-22-at-18.20.22.jpeg\" itemprop=\"contentUrl\" data-size=\"1280x720\" data-caption=\"\" style=\"height:174.375px;\">\n\t\t\t\t\t\t\t\t<img decoding=\"async\" class=\"msnry_thumb\" src=\"https:\/\/gulfcaredubai.com\/funeral-services\/wp-content\/uploads\/2022\/06\/WhatsApp-Image-2022-06-22-at-18.20.22-640x360.jpeg\" itemprop=\"thumbnail\" alt=\"Cremation Urns Show room Coppola\" \/>\n\t\t\t\t\t\t\t<\/a>\n\t\t\t\t\t\t\t\t\t\t\t\t\t\t<figcaption class=\"photoswipe-gallery-caption\" style=\" \"><\/figcaption>\n\n\t\t\t\t\t\t<\/figure>\n\t\t\t\t\t\t\t\t\t\t<figure class=\"msnry_items\" itemscope itemtype=\"http:\/\/schema.org\/ImageObject\" style=\"width:320px;\">\n\t\t\t\t\t\t\t<a href=\"https:\/\/gulfcaredubai.com\/funeral-services\/wp-content\/uploads\/2022\/06\/WhatsApp-Image-2022-06-22-at-18.20.23-1.jpeg\" itemprop=\"contentUrl\" data-size=\"1280x720\" data-caption=\"\" style=\"height:174.375px;\">\n\t\t\t\t\t\t\t\t<img decoding=\"async\" class=\"msnry_thumb\" src=\"https:\/\/gulfcaredubai.com\/funeral-services\/wp-content\/uploads\/2022\/06\/WhatsApp-Image-2022-06-22-at-18.20.23-1-640x360.jpeg\" itemprop=\"thumbnail\" alt=\"\" \/>\n\t\t\t\t\t\t\t<\/a>\n\t\t\t\t\t\t\t\t\t\t\t\t\t\t<figcaption class=\"photoswipe-gallery-caption\" style=\" \"><\/figcaption>\n\n\t\t\t\t\t\t<\/figure>\n\t\t\t\t\t\t\t<\/div>\n\t\t<\/div>\n\t\t<div style='clear:both'><\/div>\n\n<h4 class=\"text-center\">Alcuni esempi di Fiori e Ghirlande<\/h4>\n\t\t<div style=\"clear:both\"><\/div>\n\t\t<div class=\"psgal_wrap\">\n\t\t\t<div id=\"psgal_502_2\" data-psgal_id=\"502_2\" data-psgal_container_id=\"container_502_2\" data-psgal_thumbnail_width=\"320\" data-psgal_use_masonary=\"0\" class=\"psgal-inline psgal gallery-columns-3 gallery-size-thumbnail use_masonry_ show_captions_1\" itemscope itemtype=\"http:\/\/schema.org\/ImageGallery\">\n\t\t\t\t\t\t\t\t\t\t<figure class=\"msnry_items\" itemscope itemtype=\"http:\/\/schema.org\/ImageObject\" style=\"width:320px;\">\n\t\t\t\t\t\t\t<a href=\"https:\/\/gulfcaredubai.com\/funeral-services\/wp-content\/uploads\/2021\/03\/Copribara.jpg\" itemprop=\"contentUrl\" data-size=\"533x800\" data-caption=\"\" style=\"height:465.72769953052px;\">\n\t\t\t\t\t\t\t\t<img decoding=\"async\" class=\"msnry_thumb\" src=\"https:\/\/gulfcaredubai.com\/funeral-services\/wp-content\/uploads\/2021\/03\/Copribara-426x640.jpg\" itemprop=\"thumbnail\" alt=\"\" \/>\n\t\t\t\t\t\t\t<\/a>\n\t\t\t\t\t\t\t\t\t\t\t\t\t\t<figcaption class=\"photoswipe-gallery-caption\" style=\" \"><\/figcaption>\n\n\t\t\t\t\t\t<\/figure>\n\t\t\t\t\t\t\t\t\t\t<figure class=\"msnry_items\" itemscope itemtype=\"http:\/\/schema.org\/ImageObject\" style=\"width:320px;\">\n\t\t\t\t\t\t\t<a href=\"https:\/\/gulfcaredubai.com\/funeral-services\/wp-content\/uploads\/2021\/03\/Corona-Fiori.jpg\" itemprop=\"contentUrl\" data-size=\"800x800\" data-caption=\"\" style=\"height:310px;\">\n\t\t\t\t\t\t\t\t<img decoding=\"async\" class=\"msnry_thumb\" src=\"https:\/\/gulfcaredubai.com\/funeral-services\/wp-content\/uploads\/2021\/03\/Corona-Fiori-640x640.jpg\" itemprop=\"thumbnail\" alt=\"\" \/>\n\t\t\t\t\t\t\t<\/a>\n\t\t\t\t\t\t\t\t\t\t\t\t\t\t<figcaption class=\"photoswipe-gallery-caption\" style=\" \"><\/figcaption>\n\n\t\t\t\t\t\t<\/figure>\n\t\t\t\t\t\t\t\t\t\t<figure class=\"msnry_items\" itemscope itemtype=\"http:\/\/schema.org\/ImageObject\" style=\"width:320px;\">\n\t\t\t\t\t\t\t<a href=\"https:\/\/gulfcaredubai.com\/funeral-services\/wp-content\/uploads\/2013\/08\/FLO1.jpg\" itemprop=\"contentUrl\" data-size=\"360x364\" data-caption=\"\" style=\"height:313.44444444444px;\">\n\t\t\t\t\t\t\t\t<img decoding=\"async\" class=\"msnry_thumb\" src=\"https:\/\/gulfcaredubai.com\/funeral-services\/wp-content\/uploads\/2013\/08\/FLO1.jpg\" itemprop=\"thumbnail\" alt=\"\" \/>\n\t\t\t\t\t\t\t<\/a>\n\t\t\t\t\t\t\t\t\t\t\t\t\t\t<figcaption class=\"photoswipe-gallery-caption\" style=\" \"><\/figcaption>\n\n\t\t\t\t\t\t<\/figure>\n\t\t\t\t\t\t\t\t\t\t<figure class=\"msnry_items\" itemscope itemtype=\"http:\/\/schema.org\/ImageObject\" style=\"width:320px;\">\n\t\t\t\t\t\t\t<a href=\"https:\/\/gulfcaredubai.com\/funeral-services\/wp-content\/uploads\/2013\/08\/FLO2.jpg\" itemprop=\"contentUrl\" data-size=\"263x300\" data-caption=\"\" style=\"height:353.61216730038px;\">\n\t\t\t\t\t\t\t\t<img decoding=\"async\" class=\"msnry_thumb\" src=\"https:\/\/gulfcaredubai.com\/funeral-services\/wp-content\/uploads\/2013\/08\/FLO2.jpg\" itemprop=\"thumbnail\" alt=\"\" \/>\n\t\t\t\t\t\t\t<\/a>\n\t\t\t\t\t\t\t\t\t\t\t\t\t\t<figcaption class=\"photoswipe-gallery-caption\" style=\" \"><\/figcaption>\n\n\t\t\t\t\t\t<\/figure>\n\t\t\t\t\t\t\t\t\t\t<figure class=\"msnry_items\" itemscope itemtype=\"http:\/\/schema.org\/ImageObject\" style=\"width:320px;\">\n\t\t\t\t\t\t\t<a href=\"https:\/\/gulfcaredubai.com\/funeral-services\/wp-content\/uploads\/2013\/08\/FLO3.jpg\" itemprop=\"contentUrl\" data-size=\"350x350\" data-caption=\"\" style=\"height:310px;\">\n\t\t\t\t\t\t\t\t<img decoding=\"async\" class=\"msnry_thumb\" src=\"https:\/\/gulfcaredubai.com\/funeral-services\/wp-content\/uploads\/2013\/08\/FLO3.jpg\" itemprop=\"thumbnail\" alt=\"\" \/>\n\t\t\t\t\t\t\t<\/a>\n\t\t\t\t\t\t\t\t\t\t\t\t\t\t<figcaption class=\"photoswipe-gallery-caption\" style=\" \"><\/figcaption>\n\n\t\t\t\t\t\t<\/figure>\n\t\t\t\t\t\t\t\t\t\t<figure class=\"msnry_items\" itemscope itemtype=\"http:\/\/schema.org\/ImageObject\" style=\"width:320px;\">\n\t\t\t\t\t\t\t<a href=\"https:\/\/gulfcaredubai.com\/funeral-services\/wp-content\/uploads\/2013\/08\/FLO4.jpg\" itemprop=\"contentUrl\" data-size=\"1063x1013\" data-caption=\"\" style=\"height:295.46875px;\">\n\t\t\t\t\t\t\t\t<img decoding=\"async\" class=\"msnry_thumb\" src=\"https:\/\/gulfcaredubai.com\/funeral-services\/wp-content\/uploads\/2013\/08\/FLO4.jpg\" itemprop=\"thumbnail\" alt=\"\" \/>\n\t\t\t\t\t\t\t<\/a>\n\t\t\t\t\t\t\t\t\t\t\t\t\t\t<figcaption class=\"photoswipe-gallery-caption\" style=\" \"><\/figcaption>\n\n\t\t\t\t\t\t<\/figure>\n\t\t\t\t\t\t\t\t\t\t<figure class=\"msnry_items\" itemscope itemtype=\"http:\/\/schema.org\/ImageObject\" style=\"width:320px;\">\n\t\t\t\t\t\t\t<a href=\"https:\/\/gulfcaredubai.com\/funeral-services\/wp-content\/uploads\/2013\/08\/COF2.jpg\" itemprop=\"contentUrl\" data-size=\"600x327\" data-caption=\"\" style=\"height:168.95px;\">\n\t\t\t\t\t\t\t\t<img decoding=\"async\" class=\"msnry_thumb\" src=\"https:\/\/gulfcaredubai.com\/funeral-services\/wp-content\/uploads\/2013\/08\/COF2.jpg\" itemprop=\"thumbnail\" alt=\"\" \/>\n\t\t\t\t\t\t\t<\/a>\n\t\t\t\t\t\t\t\t\t\t\t\t\t\t<figcaption class=\"photoswipe-gallery-caption\" style=\" \"><\/figcaption>\n\n\t\t\t\t\t\t<\/figure>\n\t\t\t\t\t\t\t\t\t\t<figure class=\"msnry_items\" itemscope itemtype=\"http:\/\/schema.org\/ImageObject\" style=\"width:320px;\">\n\t\t\t\t\t\t\t<a href=\"https:\/\/gulfcaredubai.com\/funeral-services\/wp-content\/uploads\/2013\/08\/T2673.jpg\" itemprop=\"contentUrl\" data-size=\"550x380\" data-caption=\"\" style=\"height:214.18181818182px;\">\n\t\t\t\t\t\t\t\t<img decoding=\"async\" class=\"msnry_thumb\" src=\"https:\/\/gulfcaredubai.com\/funeral-services\/wp-content\/uploads\/2013\/08\/T2673.jpg\" itemprop=\"thumbnail\" alt=\"\" \/>\n\t\t\t\t\t\t\t<\/a>\n\t\t\t\t\t\t\t\t\t\t\t\t\t\t<figcaption class=\"photoswipe-gallery-caption\" style=\" \"><\/figcaption>\n\n\t\t\t\t\t\t<\/figure>\n\t\t\t\t\t\t\t<\/div>\n\t\t<\/div>\n\t\t<div style='clear:both'><\/div>\n\n<p>&nbsp;<\/p>\n<h4 class=\"text-center\">Alcuni esempi di Auto Funebri<\/h4>\n\t\t<div style=\"clear:both\"><\/div>\n\t\t<div class=\"psgal_wrap\">\n\t\t\t<div id=\"psgal_502_3\" data-psgal_id=\"502_3\" data-psgal_container_id=\"container_502_3\" data-psgal_thumbnail_width=\"320\" data-psgal_use_masonary=\"0\" class=\"psgal-inline psgal gallery-columns-3 gallery-size-thumbnail use_masonry_ show_captions_1\" itemscope itemtype=\"http:\/\/schema.org\/ImageGallery\">\n\t\t\t\t\t\t\t\t\t\t<figure class=\"msnry_items\" itemscope itemtype=\"http:\/\/schema.org\/ImageObject\" style=\"width:320px;\">\n\t\t\t\t\t\t\t<a href=\"https:\/\/gulfcaredubai.com\/funeral-services\/wp-content\/uploads\/2021\/03\/AUTO13.jpeg\" itemprop=\"contentUrl\" data-size=\"1024x665\" data-caption=\"\" style=\"height:201.5px;\">\n\t\t\t\t\t\t\t\t<img decoding=\"async\" class=\"msnry_thumb\" src=\"https:\/\/gulfcaredubai.com\/funeral-services\/wp-content\/uploads\/2021\/03\/AUTO13-640x416.jpeg\" itemprop=\"thumbnail\" alt=\"\" \/>\n\t\t\t\t\t\t\t<\/a>\n\t\t\t\t\t\t\t\t\t\t\t\t\t\t<figcaption class=\"photoswipe-gallery-caption\" style=\" \"><\/figcaption>\n\n\t\t\t\t\t\t<\/figure>\n\t\t\t\t\t\t\t\t\t\t<figure class=\"msnry_items\" itemscope itemtype=\"http:\/\/schema.org\/ImageObject\" style=\"width:320px;\">\n\t\t\t\t\t\t\t<a href=\"https:\/\/gulfcaredubai.com\/funeral-services\/wp-content\/uploads\/2021\/03\/AUTO12-2.jpeg\" itemprop=\"contentUrl\" data-size=\"1024x670\" data-caption=\"\" style=\"height:202.953125px;\">\n\t\t\t\t\t\t\t\t<img decoding=\"async\" class=\"msnry_thumb\" src=\"https:\/\/gulfcaredubai.com\/funeral-services\/wp-content\/uploads\/2021\/03\/AUTO12-2-640x419.jpeg\" itemprop=\"thumbnail\" alt=\"\" \/>\n\t\t\t\t\t\t\t<\/a>\n\t\t\t\t\t\t\t\t\t\t\t\t\t\t<figcaption class=\"photoswipe-gallery-caption\" style=\" \"><\/figcaption>\n\n\t\t\t\t\t\t<\/figure>\n\t\t\t\t\t\t\t\t\t\t<figure class=\"msnry_items\" itemscope itemtype=\"http:\/\/schema.org\/ImageObject\" style=\"width:320px;\">\n\t\t\t\t\t\t\t<a href=\"https:\/\/gulfcaredubai.com\/funeral-services\/wp-content\/uploads\/2021\/03\/AUTO11.jpeg\" itemprop=\"contentUrl\" data-size=\"1024x655\" data-caption=\"\" style=\"height:198.109375px;\">\n\t\t\t\t\t\t\t\t<img decoding=\"async\" class=\"msnry_thumb\" src=\"https:\/\/gulfcaredubai.com\/funeral-services\/wp-content\/uploads\/2021\/03\/AUTO11-640x409.jpeg\" itemprop=\"thumbnail\" alt=\"\" \/>\n\t\t\t\t\t\t\t<\/a>\n\t\t\t\t\t\t\t\t\t\t\t\t\t\t<figcaption class=\"photoswipe-gallery-caption\" style=\" \"><\/figcaption>\n\n\t\t\t\t\t\t<\/figure>\n\t\t\t\t\t\t\t\t\t\t<figure class=\"msnry_items\" itemscope itemtype=\"http:\/\/schema.org\/ImageObject\" style=\"width:320px;\">\n\t\t\t\t\t\t\t<a href=\"https:\/\/gulfcaredubai.com\/funeral-services\/wp-content\/uploads\/2021\/03\/AUTO10.jpeg\" itemprop=\"contentUrl\" data-size=\"1024x670\" data-caption=\"\" style=\"height:202.953125px;\">\n\t\t\t\t\t\t\t\t<img decoding=\"async\" class=\"msnry_thumb\" src=\"https:\/\/gulfcaredubai.com\/funeral-services\/wp-content\/uploads\/2021\/03\/AUTO10-640x419.jpeg\" itemprop=\"thumbnail\" alt=\"\" \/>\n\t\t\t\t\t\t\t<\/a>\n\t\t\t\t\t\t\t\t\t\t\t\t\t\t<figcaption class=\"photoswipe-gallery-caption\" style=\" \"><\/figcaption>\n\n\t\t\t\t\t\t<\/figure>\n\t\t\t\t\t\t\t\t\t\t<figure class=\"msnry_items\" itemscope itemtype=\"http:\/\/schema.org\/ImageObject\" style=\"width:320px;\">\n\t\t\t\t\t\t\t<a href=\"https:\/\/gulfcaredubai.com\/funeral-services\/wp-content\/uploads\/2021\/03\/AUTO02.jpeg\" itemprop=\"contentUrl\" data-size=\"1024x652\" data-caption=\"\" style=\"height:197.625px;\">\n\t\t\t\t\t\t\t\t<img decoding=\"async\" class=\"msnry_thumb\" src=\"https:\/\/gulfcaredubai.com\/funeral-services\/wp-content\/uploads\/2021\/03\/AUTO02-640x408.jpeg\" itemprop=\"thumbnail\" alt=\"\" \/>\n\t\t\t\t\t\t\t<\/a>\n\t\t\t\t\t\t\t\t\t\t\t\t\t\t<figcaption class=\"photoswipe-gallery-caption\" style=\" \"><\/figcaption>\n\n\t\t\t\t\t\t<\/figure>\n\t\t\t\t\t\t\t<\/div>\n\t\t<\/div>\n\t\t<div style='clear:both'><\/div>\n\n<\/div>\n<\/div>\n","protected":false},"excerpt":{"rendered":"<p>Siamo specializzati nella fornitura di prodotti speciali necessari per le occasioni legate ai funerali. La nostra gamma di prodotti comprende bare di alta qualit\u00e0, casse funebri economiche, urne per le ceneri e un&#8217;ampia variet\u00e0 di altri prodotti come bouquet funebri e corone. Di seguito \u00e8 riportata una selezione di bare e urne, con ulteriori varianti [&hellip;]<\/p>\n","protected":false},"author":1,"featured_media":0,"parent":0,"menu_order":0,"comment_status":"closed","ping_status":"closed","template":"","meta":{"footnotes":""},"class_list":["post-502","page","type-page","status-publish","hentry"],"rttpg_featured_image_url":null,"rttpg_author":{"display_name":"admin","author_link":"https:\/\/gulfcaredubai.com\/funeral-services\/author\/admin\/"},"rttpg_comment":0,"rttpg_category":" <a href=\"https:\/\/gulfcaredubai.com\/funeral-services\/it\/\" rel=\"tag\">Italiano<\/a>","rttpg_excerpt":"Siamo specializzati nella fornitura di prodotti speciali necessari per le occasioni legate ai funerali. La nostra gamma di prodotti comprende bare di alta qualit\u00e0, casse funebri economiche, urne per le ceneri e un&#8217;ampia variet\u00e0 di altri prodotti come bouquet funebri e corone. Di seguito \u00e8 riportata una selezione di bare e urne, con ulteriori varianti&hellip;","_links":{"self":[{"href":"https:\/\/gulfcaredubai.com\/funeral-services\/wp-json\/wp\/v2\/pages\/502","targetHints":{"allow":["GET"]}}],"collection":[{"href":"https:\/\/gulfcaredubai.com\/funeral-services\/wp-json\/wp\/v2\/pages"}],"about":[{"href":"https:\/\/gulfcaredubai.com\/funeral-services\/wp-json\/wp\/v2\/types\/page"}],"author":[{"embeddable":true,"href":"https:\/\/gulfcaredubai.com\/funeral-services\/wp-json\/wp\/v2\/users\/1"}],"replies":[{"embeddable":true,"href":"https:\/\/gulfcaredubai.com\/funeral-services\/wp-json\/wp\/v2\/comments?post=502"}],"version-history":[{"count":8,"href":"https:\/\/gulfcaredubai.com\/funeral-services\/wp-json\/wp\/v2\/pages\/502\/revisions"}],"predecessor-version":[{"id":3018,"href":"https:\/\/gulfcaredubai.com\/funeral-services\/wp-json\/wp\/v2\/pages\/502\/revisions\/3018"}],"wp:attachment":[{"href":"https:\/\/gulfcaredubai.com\/funeral-services\/wp-json\/wp\/v2\/media?parent=502"}],"curies":[{"name":"wp","href":"https:\/\/api.w.org\/{rel}","templated":true}]}}