{"id":488,"date":"2013-11-25T13:40:02","date_gmt":"2013-11-25T09:40:02","guid":{"rendered":"https:\/\/gulfcaredubai.com\/funeral-services\/?page_id=488"},"modified":"2024-07-05T15:21:34","modified_gmt":"2024-07-05T11:21:34","slug":"chi-siamo","status":"publish","type":"page","link":"https:\/\/gulfcaredubai.com\/funeral-services\/it\/chi-siamo\/","title":{"rendered":"Chi Siamo"},"content":{"rendered":"<p class=\"text-center\"><img decoding=\"async\" class=\"aligncenter size-full wp-image-8\" src=\"https:\/\/gulfcaredubai.com\/funeral-services\/wp-content\/uploads\/2013\/08\/gulfpic.png\" alt=\"gulfpic\" width=\"91\" height=\"87\" \/><\/p>\n<h3>La nostra azienda \u00e8 stata fondata in Italia nel 1920 e da allora \u00e8 gestita dalla <a href=\"https:\/\/impresacoppola.it\/\" target=\"_blank\" rel=\"noopener\">famiglia Coppola<\/a>.<\/h3>\n<p>Gulf Care &#8211; Coppola Funeral Services \u00e8 un fornitore leader di servizi funebri completi e di rimpatrio per gli espatriati che si trovano ad affrontare l&#8217;angosciante situazione della perdita di una persona cara in un paese straniero. Negli ultimi anni, abbiamo acquisito un&#8217;importanza internazionale nel campo dei servizi funebri, adattandoci a qualsiasi cultura, religione o paese di destinazione.<\/p>\n<p>Comprendiamo le profonde sfide emotive e logistiche che si presentano in questi momenti difficili e la nostra missione \u00e8 quella di fornire un supporto compassionevole e un servizio professionale per alleviare questo peso.<\/p>\n<p>Siamo specializzati in funerali, memoriali, sepolture, cremazioni e rimpatri, assicurando che le esigenze e i desideri unici di ogni famiglia siano soddisfatti con la massima cura e rispetto.<\/p>\n<p>Noi di Gulf Care &#8211; Coppola Funeral ci occupiamo di ogni dettaglio, dalla gestione delle complesse normative internazionali al coordinamento con le autorit\u00e0 locali, in modo che le famiglie possano concentrarsi sul loro dolore senza lo stress aggiuntivo delle complessit\u00e0 legali e procedurali.<\/p>\n<p>Il nostro team di professionisti \u00e8 abile ed esperto nel gestire gli intricati dettagli coinvolti nel rimpatrio, assicurando un viaggio senza soluzione di continuit\u00e0 e dignitoso per i vostri cari nel loro paese d&#8217;origine.<\/p>\n<p>Siamo disponibili 24 ore su 24 e 7 giorni su 7 per assistervi, garantendo la massima professionalit\u00e0, un servizio esemplare, cortesia e rispetto, qualit\u00e0 essenziali in queste situazioni.<\/p>\n<p>Oltre ai nostri servizi principali, offriamo una selezione di bare e urne per le ceneri di alta qualit\u00e0 e dal costo contenuto. Abbiamo anche un&#8217;ampia variet\u00e0 di altri articoli, come bouquet funebri e corone, che consentono alle famiglie di scegliere il luogo di riposo perfetto per i loro cari.<\/p>\n<p>Potete affidarvi a Gulf Care &#8211; Coppola Funeral Services per un&#8217;assistenza senza intoppi, in modo che possiate concentrarvi sull&#8217;assistenza alla vostra famiglia.<\/p>\n<div class=\"ornamento\"><\/div>\n<h3 class=\"text-center\">Find out our Offices and Funeral Home<\/h3>\n\t\t<div style=\"clear:both\"><\/div>\n\t\t<div class=\"psgal_wrap\">\n\t\t\t<div id=\"psgal_488_1\" data-psgal_id=\"488_1\" data-psgal_container_id=\"container_488_1\" data-psgal_thumbnail_width=\"320\" data-psgal_use_masonary=\"0\" class=\"psgal-inline psgal gallery-columns-3 gallery-size-thumbnail use_masonry_ show_captions_1\" itemscope itemtype=\"http:\/\/schema.org\/ImageGallery\">\n\t\t\t\t\t\t\t\t\t\t<figure class=\"msnry_items\" itemscope itemtype=\"http:\/\/schema.org\/ImageObject\" style=\"width:320px;\">\n\t\t\t\t\t\t\t<a href=\"https:\/\/gulfcaredubai.com\/funeral-services\/wp-content\/uploads\/2022\/06\/WhatsApp-Image-2022-06-22-at-18.20.17.jpeg\" itemprop=\"contentUrl\" data-size=\"1032x774\" data-caption=\"\" style=\"height:232.5px;\">\n\t\t\t\t\t\t\t\t<img decoding=\"async\" class=\"msnry_thumb\" src=\"https:\/\/gulfcaredubai.com\/funeral-services\/wp-content\/uploads\/2022\/06\/WhatsApp-Image-2022-06-22-at-18.20.17-640x480.jpeg\" itemprop=\"thumbnail\" alt=\"\" \/>\n\t\t\t\t\t\t\t<\/a>\n\t\t\t\t\t\t\t\t\t\t\t\t\t\t<figcaption class=\"photoswipe-gallery-caption\" style=\" \"><\/figcaption>\n\n\t\t\t\t\t\t<\/figure>\n\t\t\t\t\t\t\t\t\t\t<figure class=\"msnry_items\" itemscope itemtype=\"http:\/\/schema.org\/ImageObject\" style=\"width:320px;\">\n\t\t\t\t\t\t\t<a href=\"https:\/\/gulfcaredubai.com\/funeral-services\/wp-content\/uploads\/2022\/06\/WhatsApp-Image-2022-06-22-at-18.20.19-1.jpeg\" itemprop=\"contentUrl\" data-size=\"1032x774\" data-caption=\"\" style=\"height:232.5px;\">\n\t\t\t\t\t\t\t\t<img decoding=\"async\" class=\"msnry_thumb\" src=\"https:\/\/gulfcaredubai.com\/funeral-services\/wp-content\/uploads\/2022\/06\/WhatsApp-Image-2022-06-22-at-18.20.19-1-640x480.jpeg\" itemprop=\"thumbnail\" alt=\"\" \/>\n\t\t\t\t\t\t\t<\/a>\n\t\t\t\t\t\t\t\t\t\t\t\t\t\t<figcaption class=\"photoswipe-gallery-caption\" style=\" \"><\/figcaption>\n\n\t\t\t\t\t\t<\/figure>\n\t\t\t\t\t\t\t\t\t\t<figure class=\"msnry_items\" itemscope itemtype=\"http:\/\/schema.org\/ImageObject\" style=\"width:320px;\">\n\t\t\t\t\t\t\t<a href=\"https:\/\/gulfcaredubai.com\/funeral-services\/wp-content\/uploads\/2022\/06\/WhatsApp-Image-2022-06-22-at-18.20.25.jpeg\" itemprop=\"contentUrl\" data-size=\"1280x720\" data-caption=\"\" style=\"height:174.375px;\">\n\t\t\t\t\t\t\t\t<img decoding=\"async\" class=\"msnry_thumb\" src=\"https:\/\/gulfcaredubai.com\/funeral-services\/wp-content\/uploads\/2022\/06\/WhatsApp-Image-2022-06-22-at-18.20.25-640x360.jpeg\" itemprop=\"thumbnail\" alt=\"Coffin Showroom - Coppola Funeral Services\" \/>\n\t\t\t\t\t\t\t<\/a>\n\t\t\t\t\t\t\t\t\t\t\t\t\t\t<figcaption class=\"photoswipe-gallery-caption\" style=\" \"><\/figcaption>\n\n\t\t\t\t\t\t<\/figure>\n\t\t\t\t\t\t\t\t\t\t<figure class=\"msnry_items\" itemscope itemtype=\"http:\/\/schema.org\/ImageObject\" style=\"width:320px;\">\n\t\t\t\t\t\t\t<a href=\"https:\/\/gulfcaredubai.com\/funeral-services\/wp-content\/uploads\/2022\/06\/WhatsApp-Image-2022-06-22-at-18.20.26-1.jpeg\" itemprop=\"contentUrl\" data-size=\"720x1280\" data-caption=\"\" style=\"height:551.11111111111px;\">\n\t\t\t\t\t\t\t\t<img decoding=\"async\" class=\"msnry_thumb\" src=\"https:\/\/gulfcaredubai.com\/funeral-services\/wp-content\/uploads\/2022\/06\/WhatsApp-Image-2022-06-22-at-18.20.26-1-360x640.jpeg\" itemprop=\"thumbnail\" alt=\"\" \/>\n\t\t\t\t\t\t\t<\/a>\n\t\t\t\t\t\t\t\t\t\t\t\t\t\t<figcaption class=\"photoswipe-gallery-caption\" style=\" \"><\/figcaption>\n\n\t\t\t\t\t\t<\/figure>\n\t\t\t\t\t\t\t\t\t\t<figure class=\"msnry_items\" itemscope itemtype=\"http:\/\/schema.org\/ImageObject\" style=\"width:320px;\">\n\t\t\t\t\t\t\t<a href=\"https:\/\/gulfcaredubai.com\/funeral-services\/wp-content\/uploads\/2022\/06\/WhatsApp-Image-2022-06-22-at-18.20.23-1.jpeg\" itemprop=\"contentUrl\" data-size=\"1280x720\" data-caption=\"\" style=\"height:174.375px;\">\n\t\t\t\t\t\t\t\t<img decoding=\"async\" class=\"msnry_thumb\" src=\"https:\/\/gulfcaredubai.com\/funeral-services\/wp-content\/uploads\/2022\/06\/WhatsApp-Image-2022-06-22-at-18.20.23-1-640x360.jpeg\" itemprop=\"thumbnail\" alt=\"\" \/>\n\t\t\t\t\t\t\t<\/a>\n\t\t\t\t\t\t\t\t\t\t\t\t\t\t<figcaption class=\"photoswipe-gallery-caption\" style=\" \"><\/figcaption>\n\n\t\t\t\t\t\t<\/figure>\n\t\t\t\t\t\t\t\t\t\t<figure class=\"msnry_items\" itemscope itemtype=\"http:\/\/schema.org\/ImageObject\" style=\"width:320px;\">\n\t\t\t\t\t\t\t<a href=\"https:\/\/gulfcaredubai.com\/funeral-services\/wp-content\/uploads\/2022\/06\/WhatsApp-Image-2022-06-22-at-18.20.24-1.jpeg\" itemprop=\"contentUrl\" data-size=\"720x1280\" data-caption=\"\" style=\"height:551.11111111111px;\">\n\t\t\t\t\t\t\t\t<img decoding=\"async\" class=\"msnry_thumb\" src=\"https:\/\/gulfcaredubai.com\/funeral-services\/wp-content\/uploads\/2022\/06\/WhatsApp-Image-2022-06-22-at-18.20.24-1-360x640.jpeg\" itemprop=\"thumbnail\" alt=\"\" \/>\n\t\t\t\t\t\t\t<\/a>\n\t\t\t\t\t\t\t\t\t\t\t\t\t\t<figcaption class=\"photoswipe-gallery-caption\" style=\" \"><\/figcaption>\n\n\t\t\t\t\t\t<\/figure>\n\t\t\t\t\t\t\t\t\t\t<figure class=\"msnry_items\" itemscope itemtype=\"http:\/\/schema.org\/ImageObject\" style=\"width:320px;\">\n\t\t\t\t\t\t\t<a href=\"https:\/\/gulfcaredubai.com\/funeral-services\/wp-content\/uploads\/2022\/06\/WhatsApp-Image-2022-06-22-at-18.20.25-1.jpeg\" itemprop=\"contentUrl\" data-size=\"720x1280\" data-caption=\"\" style=\"height:551.11111111111px;\">\n\t\t\t\t\t\t\t\t<img decoding=\"async\" class=\"msnry_thumb\" src=\"https:\/\/gulfcaredubai.com\/funeral-services\/wp-content\/uploads\/2022\/06\/WhatsApp-Image-2022-06-22-at-18.20.25-1-360x640.jpeg\" itemprop=\"thumbnail\" alt=\"\" \/>\n\t\t\t\t\t\t\t<\/a>\n\t\t\t\t\t\t\t\t\t\t\t\t\t\t<figcaption class=\"photoswipe-gallery-caption\" style=\" \"><\/figcaption>\n\n\t\t\t\t\t\t<\/figure>\n\t\t\t\t\t\t\t\t\t\t<figure class=\"msnry_items\" itemscope itemtype=\"http:\/\/schema.org\/ImageObject\" style=\"width:320px;\">\n\t\t\t\t\t\t\t<a href=\"https:\/\/gulfcaredubai.com\/funeral-services\/wp-content\/uploads\/2022\/06\/WhatsApp-Image-2022-06-22-at-18.20.22.jpeg\" itemprop=\"contentUrl\" data-size=\"1280x720\" data-caption=\"\" style=\"height:174.375px;\">\n\t\t\t\t\t\t\t\t<img decoding=\"async\" class=\"msnry_thumb\" src=\"https:\/\/gulfcaredubai.com\/funeral-services\/wp-content\/uploads\/2022\/06\/WhatsApp-Image-2022-06-22-at-18.20.22-640x360.jpeg\" itemprop=\"thumbnail\" alt=\"Cremation Urns Show room Coppola\" \/>\n\t\t\t\t\t\t\t<\/a>\n\t\t\t\t\t\t\t\t\t\t\t\t\t\t<figcaption class=\"photoswipe-gallery-caption\" style=\" \"><\/figcaption>\n\n\t\t\t\t\t\t<\/figure>\n\t\t\t\t\t\t\t\t\t\t<figure class=\"msnry_items\" itemscope itemtype=\"http:\/\/schema.org\/ImageObject\" style=\"width:320px;\">\n\t\t\t\t\t\t\t<a href=\"https:\/\/gulfcaredubai.com\/funeral-services\/wp-content\/uploads\/2022\/06\/WhatsApp-Image-2022-06-22-at-18.20.23.jpeg\" itemprop=\"contentUrl\" data-size=\"1280x720\" data-caption=\"\" style=\"height:174.375px;\">\n\t\t\t\t\t\t\t\t<img decoding=\"async\" class=\"msnry_thumb\" src=\"https:\/\/gulfcaredubai.com\/funeral-services\/wp-content\/uploads\/2022\/06\/WhatsApp-Image-2022-06-22-at-18.20.23-640x360.jpeg\" itemprop=\"thumbnail\" alt=\"\" \/>\n\t\t\t\t\t\t\t<\/a>\n\t\t\t\t\t\t\t\t\t\t\t\t\t\t<figcaption class=\"photoswipe-gallery-caption\" style=\" \"><\/figcaption>\n\n\t\t\t\t\t\t<\/figure>\n\t\t\t\t\t\t\t\t\t\t<figure class=\"msnry_items\" itemscope itemtype=\"http:\/\/schema.org\/ImageObject\" style=\"width:320px;\">\n\t\t\t\t\t\t\t<a href=\"https:\/\/gulfcaredubai.com\/funeral-services\/wp-content\/uploads\/2022\/06\/WhatsApp-Image-2022-06-22-at-18.20.21-1.jpeg\" itemprop=\"contentUrl\" data-size=\"1280x720\" data-caption=\"\" style=\"height:174.375px;\">\n\t\t\t\t\t\t\t\t<img decoding=\"async\" class=\"msnry_thumb\" src=\"https:\/\/gulfcaredubai.com\/funeral-services\/wp-content\/uploads\/2022\/06\/WhatsApp-Image-2022-06-22-at-18.20.21-1-640x360.jpeg\" itemprop=\"thumbnail\" alt=\"\" \/>\n\t\t\t\t\t\t\t<\/a>\n\t\t\t\t\t\t\t\t\t\t\t\t\t\t<figcaption class=\"photoswipe-gallery-caption\" style=\" \"><\/figcaption>\n\n\t\t\t\t\t\t<\/figure>\n\t\t\t\t\t\t\t\t\t\t<figure class=\"msnry_items\" itemscope itemtype=\"http:\/\/schema.org\/ImageObject\" style=\"width:320px;\">\n\t\t\t\t\t\t\t<a href=\"https:\/\/gulfcaredubai.com\/funeral-services\/wp-content\/uploads\/2022\/06\/WhatsApp-Image-2022-06-22-at-18.20.21.jpeg\" itemprop=\"contentUrl\" data-size=\"1280x720\" data-caption=\"\" style=\"height:174.375px;\">\n\t\t\t\t\t\t\t\t<img decoding=\"async\" class=\"msnry_thumb\" src=\"https:\/\/gulfcaredubai.com\/funeral-services\/wp-content\/uploads\/2022\/06\/WhatsApp-Image-2022-06-22-at-18.20.21-640x360.jpeg\" itemprop=\"thumbnail\" alt=\"\" \/>\n\t\t\t\t\t\t\t<\/a>\n\t\t\t\t\t\t\t\t\t\t\t\t\t\t<figcaption class=\"photoswipe-gallery-caption\" style=\" \"><\/figcaption>\n\n\t\t\t\t\t\t<\/figure>\n\t\t\t\t\t\t\t\t\t\t<figure class=\"msnry_items\" itemscope itemtype=\"http:\/\/schema.org\/ImageObject\" style=\"width:320px;\">\n\t\t\t\t\t\t\t<a href=\"https:\/\/gulfcaredubai.com\/funeral-services\/wp-content\/uploads\/2022\/06\/WhatsApp-Image-2022-06-22-at-18.20.28-1.jpeg\" itemprop=\"contentUrl\" data-size=\"720x1280\" data-caption=\"\" style=\"height:551.11111111111px;\">\n\t\t\t\t\t\t\t\t<img decoding=\"async\" class=\"msnry_thumb\" src=\"https:\/\/gulfcaredubai.com\/funeral-services\/wp-content\/uploads\/2022\/06\/WhatsApp-Image-2022-06-22-at-18.20.28-1-360x640.jpeg\" itemprop=\"thumbnail\" alt=\"\" \/>\n\t\t\t\t\t\t\t<\/a>\n\t\t\t\t\t\t\t\t\t\t\t\t\t\t<figcaption class=\"photoswipe-gallery-caption\" style=\" \"><\/figcaption>\n\n\t\t\t\t\t\t<\/figure>\n\t\t\t\t\t\t\t\t\t\t<figure class=\"msnry_items\" itemscope itemtype=\"http:\/\/schema.org\/ImageObject\" style=\"width:320px;\">\n\t\t\t\t\t\t\t<a href=\"https:\/\/gulfcaredubai.com\/funeral-services\/wp-content\/uploads\/2022\/06\/WhatsApp-Image-2022-06-22-at-18.20.28-3.jpeg\" itemprop=\"contentUrl\" data-size=\"1280x720\" data-caption=\"\" style=\"height:174.375px;\">\n\t\t\t\t\t\t\t\t<img decoding=\"async\" class=\"msnry_thumb\" src=\"https:\/\/gulfcaredubai.com\/funeral-services\/wp-content\/uploads\/2022\/06\/WhatsApp-Image-2022-06-22-at-18.20.28-3-640x360.jpeg\" itemprop=\"thumbnail\" alt=\"\" \/>\n\t\t\t\t\t\t\t<\/a>\n\t\t\t\t\t\t\t\t\t\t\t\t\t\t<figcaption class=\"photoswipe-gallery-caption\" style=\" \"><\/figcaption>\n\n\t\t\t\t\t\t<\/figure>\n\t\t\t\t\t\t\t\t\t\t<figure class=\"msnry_items\" itemscope itemtype=\"http:\/\/schema.org\/ImageObject\" style=\"width:320px;\">\n\t\t\t\t\t\t\t<a href=\"https:\/\/gulfcaredubai.com\/funeral-services\/wp-content\/uploads\/2022\/06\/WhatsApp-Image-2022-06-22-at-18.20.28.jpeg\" itemprop=\"contentUrl\" data-size=\"1280x720\" data-caption=\"\" style=\"height:174.375px;\">\n\t\t\t\t\t\t\t\t<img decoding=\"async\" class=\"msnry_thumb\" src=\"https:\/\/gulfcaredubai.com\/funeral-services\/wp-content\/uploads\/2022\/06\/WhatsApp-Image-2022-06-22-at-18.20.28-640x360.jpeg\" itemprop=\"thumbnail\" alt=\"\" \/>\n\t\t\t\t\t\t\t<\/a>\n\t\t\t\t\t\t\t\t\t\t\t\t\t\t<figcaption class=\"photoswipe-gallery-caption\" style=\" \"><\/figcaption>\n\n\t\t\t\t\t\t<\/figure>\n\t\t\t\t\t\t\t\t\t\t<figure class=\"msnry_items\" itemscope itemtype=\"http:\/\/schema.org\/ImageObject\" style=\"width:320px;\">\n\t\t\t\t\t\t\t<a href=\"https:\/\/gulfcaredubai.com\/funeral-services\/wp-content\/uploads\/2022\/06\/WhatsApp-Image-2022-06-22-at-18.20.30.jpeg\" itemprop=\"contentUrl\" data-size=\"720x1280\" data-caption=\"\" style=\"height:551.11111111111px;\">\n\t\t\t\t\t\t\t\t<img decoding=\"async\" class=\"msnry_thumb\" src=\"https:\/\/gulfcaredubai.com\/funeral-services\/wp-content\/uploads\/2022\/06\/WhatsApp-Image-2022-06-22-at-18.20.30-360x640.jpeg\" itemprop=\"thumbnail\" alt=\"\" \/>\n\t\t\t\t\t\t\t<\/a>\n\t\t\t\t\t\t\t\t\t\t\t\t\t\t<figcaption class=\"photoswipe-gallery-caption\" style=\" \"><\/figcaption>\n\n\t\t\t\t\t\t<\/figure>\n\t\t\t\t\t\t\t\t\t\t<figure class=\"msnry_items\" itemscope itemtype=\"http:\/\/schema.org\/ImageObject\" style=\"width:320px;\">\n\t\t\t\t\t\t\t<a href=\"https:\/\/gulfcaredubai.com\/funeral-services\/wp-content\/uploads\/2022\/06\/WhatsApp-Image-2022-06-22-at-18.20.31-2.jpeg\" itemprop=\"contentUrl\" data-size=\"1600x900\" data-caption=\"\" style=\"height:174.375px;\">\n\t\t\t\t\t\t\t\t<img decoding=\"async\" class=\"msnry_thumb\" src=\"https:\/\/gulfcaredubai.com\/funeral-services\/wp-content\/uploads\/2022\/06\/WhatsApp-Image-2022-06-22-at-18.20.31-2-640x360.jpeg\" itemprop=\"thumbnail\" alt=\"\" \/>\n\t\t\t\t\t\t\t<\/a>\n\t\t\t\t\t\t\t\t\t\t\t\t\t\t<figcaption class=\"photoswipe-gallery-caption\" style=\" \"><\/figcaption>\n\n\t\t\t\t\t\t<\/figure>\n\t\t\t\t\t\t\t\t\t\t<figure class=\"msnry_items\" itemscope itemtype=\"http:\/\/schema.org\/ImageObject\" style=\"width:320px;\">\n\t\t\t\t\t\t\t<a href=\"https:\/\/gulfcaredubai.com\/funeral-services\/wp-content\/uploads\/2022\/06\/WhatsApp-Image-2022-06-22-at-18.20.32.jpeg\" itemprop=\"contentUrl\" data-size=\"900x1600\" data-caption=\"\" style=\"height:551.11111111111px;\">\n\t\t\t\t\t\t\t\t<img decoding=\"async\" class=\"msnry_thumb\" src=\"https:\/\/gulfcaredubai.com\/funeral-services\/wp-content\/uploads\/2022\/06\/WhatsApp-Image-2022-06-22-at-18.20.32-360x640.jpeg\" itemprop=\"thumbnail\" alt=\"\" \/>\n\t\t\t\t\t\t\t<\/a>\n\t\t\t\t\t\t\t\t\t\t\t\t\t\t<figcaption class=\"photoswipe-gallery-caption\" style=\" \"><\/figcaption>\n\n\t\t\t\t\t\t<\/figure>\n\t\t\t\t\t\t\t\t\t\t<figure class=\"msnry_items\" itemscope itemtype=\"http:\/\/schema.org\/ImageObject\" style=\"width:320px;\">\n\t\t\t\t\t\t\t<a href=\"https:\/\/gulfcaredubai.com\/funeral-services\/wp-content\/uploads\/2022\/06\/WhatsApp-Image-2022-06-22-at-18.20.33.jpeg\" itemprop=\"contentUrl\" data-size=\"1600x900\" data-caption=\"\" style=\"height:174.375px;\">\n\t\t\t\t\t\t\t\t<img decoding=\"async\" class=\"msnry_thumb\" src=\"https:\/\/gulfcaredubai.com\/funeral-services\/wp-content\/uploads\/2022\/06\/WhatsApp-Image-2022-06-22-at-18.20.33-640x360.jpeg\" itemprop=\"thumbnail\" alt=\"\" \/>\n\t\t\t\t\t\t\t<\/a>\n\t\t\t\t\t\t\t\t\t\t\t\t\t\t<figcaption class=\"photoswipe-gallery-caption\" style=\" \"><\/figcaption>\n\n\t\t\t\t\t\t<\/figure>\n\t\t\t\t\t\t\t\t\t\t<figure class=\"msnry_items\" itemscope itemtype=\"http:\/\/schema.org\/ImageObject\" style=\"width:320px;\">\n\t\t\t\t\t\t\t<a href=\"https:\/\/gulfcaredubai.com\/funeral-services\/wp-content\/uploads\/2022\/06\/WhatsApp-Image-2022-06-22-at-18.21.02-1.jpeg\" itemprop=\"contentUrl\" data-size=\"1600x900\" data-caption=\"\" style=\"height:174.375px;\">\n\t\t\t\t\t\t\t\t<img decoding=\"async\" class=\"msnry_thumb\" src=\"https:\/\/gulfcaredubai.com\/funeral-services\/wp-content\/uploads\/2022\/06\/WhatsApp-Image-2022-06-22-at-18.21.02-1-640x360.jpeg\" itemprop=\"thumbnail\" alt=\"\" \/>\n\t\t\t\t\t\t\t<\/a>\n\t\t\t\t\t\t\t\t\t\t\t\t\t\t<figcaption class=\"photoswipe-gallery-caption\" style=\" \"><\/figcaption>\n\n\t\t\t\t\t\t<\/figure>\n\t\t\t\t\t\t\t\t\t\t<figure class=\"msnry_items\" itemscope itemtype=\"http:\/\/schema.org\/ImageObject\" style=\"width:320px;\">\n\t\t\t\t\t\t\t<a href=\"https:\/\/gulfcaredubai.com\/funeral-services\/wp-content\/uploads\/2022\/06\/WhatsApp-Image-2022-06-22-at-18.21.02.jpeg\" itemprop=\"contentUrl\" data-size=\"1600x900\" data-caption=\"\" style=\"height:174.375px;\">\n\t\t\t\t\t\t\t\t<img decoding=\"async\" class=\"msnry_thumb\" src=\"https:\/\/gulfcaredubai.com\/funeral-services\/wp-content\/uploads\/2022\/06\/WhatsApp-Image-2022-06-22-at-18.21.02-640x360.jpeg\" itemprop=\"thumbnail\" alt=\"\" \/>\n\t\t\t\t\t\t\t<\/a>\n\t\t\t\t\t\t\t\t\t\t\t\t\t\t<figcaption class=\"photoswipe-gallery-caption\" style=\" \"><\/figcaption>\n\n\t\t\t\t\t\t<\/figure>\n\t\t\t\t\t\t\t\t\t\t<figure class=\"msnry_items\" itemscope itemtype=\"http:\/\/schema.org\/ImageObject\" style=\"width:320px;\">\n\t\t\t\t\t\t\t<a href=\"https:\/\/gulfcaredubai.com\/funeral-services\/wp-content\/uploads\/2022\/06\/WhatsApp-Image-2022-06-22-at-18.21.03-1.jpeg\" itemprop=\"contentUrl\" data-size=\"1600x900\" data-caption=\"\" style=\"height:174.375px;\">\n\t\t\t\t\t\t\t\t<img decoding=\"async\" class=\"msnry_thumb\" src=\"https:\/\/gulfcaredubai.com\/funeral-services\/wp-content\/uploads\/2022\/06\/WhatsApp-Image-2022-06-22-at-18.21.03-1-640x360.jpeg\" itemprop=\"thumbnail\" alt=\"\" \/>\n\t\t\t\t\t\t\t<\/a>\n\t\t\t\t\t\t\t\t\t\t\t\t\t\t<figcaption class=\"photoswipe-gallery-caption\" style=\" \"><\/figcaption>\n\n\t\t\t\t\t\t<\/figure>\n\t\t\t\t\t\t\t\t\t\t<figure class=\"msnry_items\" itemscope itemtype=\"http:\/\/schema.org\/ImageObject\" style=\"width:320px;\">\n\t\t\t\t\t\t\t<a href=\"https:\/\/gulfcaredubai.com\/funeral-services\/wp-content\/uploads\/2022\/06\/WhatsApp-Image-2022-06-22-at-18.21.05.jpeg\" itemprop=\"contentUrl\" data-size=\"1600x900\" data-caption=\"\" style=\"height:174.375px;\">\n\t\t\t\t\t\t\t\t<img decoding=\"async\" class=\"msnry_thumb\" src=\"https:\/\/gulfcaredubai.com\/funeral-services\/wp-content\/uploads\/2022\/06\/WhatsApp-Image-2022-06-22-at-18.21.05-640x360.jpeg\" itemprop=\"thumbnail\" alt=\"\" \/>\n\t\t\t\t\t\t\t<\/a>\n\t\t\t\t\t\t\t\t\t\t\t\t\t\t<figcaption class=\"photoswipe-gallery-caption\" style=\" \"><\/figcaption>\n\n\t\t\t\t\t\t<\/figure>\n\t\t\t\t\t\t\t\t\t\t<figure class=\"msnry_items\" itemscope itemtype=\"http:\/\/schema.org\/ImageObject\" style=\"width:320px;\">\n\t\t\t\t\t\t\t<a href=\"https:\/\/gulfcaredubai.com\/funeral-services\/wp-content\/uploads\/2022\/06\/WhatsApp-Image-2022-06-22-at-18.21.06-1.jpeg\" itemprop=\"contentUrl\" data-size=\"1600x900\" data-caption=\"\" style=\"height:174.375px;\">\n\t\t\t\t\t\t\t\t<img decoding=\"async\" class=\"msnry_thumb\" src=\"https:\/\/gulfcaredubai.com\/funeral-services\/wp-content\/uploads\/2022\/06\/WhatsApp-Image-2022-06-22-at-18.21.06-1-640x360.jpeg\" itemprop=\"thumbnail\" alt=\"Urns, coffins, caskets and flowers\" \/>\n\t\t\t\t\t\t\t<\/a>\n\t\t\t\t\t\t\t\t\t\t\t\t\t\t<figcaption class=\"photoswipe-gallery-caption\" style=\" \"><\/figcaption>\n\n\t\t\t\t\t\t<\/figure>\n\t\t\t\t\t\t\t\t\t\t<figure class=\"msnry_items\" itemscope itemtype=\"http:\/\/schema.org\/ImageObject\" style=\"width:320px;\">\n\t\t\t\t\t\t\t<a href=\"https:\/\/gulfcaredubai.com\/funeral-services\/wp-content\/uploads\/2022\/06\/WhatsApp-Image-2022-06-22-at-18.21.07.jpeg\" itemprop=\"contentUrl\" data-size=\"1600x900\" data-caption=\"\" style=\"height:174.375px;\">\n\t\t\t\t\t\t\t\t<img decoding=\"async\" class=\"msnry_thumb\" src=\"https:\/\/gulfcaredubai.com\/funeral-services\/wp-content\/uploads\/2022\/06\/WhatsApp-Image-2022-06-22-at-18.21.07-640x360.jpeg\" itemprop=\"thumbnail\" alt=\"\" \/>\n\t\t\t\t\t\t\t<\/a>\n\t\t\t\t\t\t\t\t\t\t\t\t\t\t<figcaption class=\"photoswipe-gallery-caption\" style=\" \"><\/figcaption>\n\n\t\t\t\t\t\t<\/figure>\n\t\t\t\t\t\t\t\t\t\t<figure class=\"msnry_items\" itemscope itemtype=\"http:\/\/schema.org\/ImageObject\" style=\"width:320px;\">\n\t\t\t\t\t\t\t<a href=\"https:\/\/gulfcaredubai.com\/funeral-services\/wp-content\/uploads\/2022\/06\/WhatsApp-Image-2022-06-22-at-18.21.09-2.jpeg\" itemprop=\"contentUrl\" data-size=\"1600x900\" data-caption=\"\" style=\"height:174.375px;\">\n\t\t\t\t\t\t\t\t<img decoding=\"async\" class=\"msnry_thumb\" src=\"https:\/\/gulfcaredubai.com\/funeral-services\/wp-content\/uploads\/2022\/06\/WhatsApp-Image-2022-06-22-at-18.21.09-2-640x360.jpeg\" itemprop=\"thumbnail\" alt=\"\" \/>\n\t\t\t\t\t\t\t<\/a>\n\t\t\t\t\t\t\t\t\t\t\t\t\t\t<figcaption class=\"photoswipe-gallery-caption\" style=\" \"><\/figcaption>\n\n\t\t\t\t\t\t<\/figure>\n\t\t\t\t\t\t\t\t\t\t<figure class=\"msnry_items\" itemscope itemtype=\"http:\/\/schema.org\/ImageObject\" style=\"width:320px;\">\n\t\t\t\t\t\t\t<a href=\"https:\/\/gulfcaredubai.com\/funeral-services\/wp-content\/uploads\/2022\/06\/WhatsApp-Image-2022-06-22-at-18.21.09.jpeg\" itemprop=\"contentUrl\" data-size=\"1600x900\" data-caption=\"\" style=\"height:174.375px;\">\n\t\t\t\t\t\t\t\t<img decoding=\"async\" class=\"msnry_thumb\" src=\"https:\/\/gulfcaredubai.com\/funeral-services\/wp-content\/uploads\/2022\/06\/WhatsApp-Image-2022-06-22-at-18.21.09-640x360.jpeg\" itemprop=\"thumbnail\" alt=\"\" \/>\n\t\t\t\t\t\t\t<\/a>\n\t\t\t\t\t\t\t\t\t\t\t\t\t\t<figcaption class=\"photoswipe-gallery-caption\" style=\" \"><\/figcaption>\n\n\t\t\t\t\t\t<\/figure>\n\t\t\t\t\t\t\t<\/div>\n\t\t<\/div>\n\t\t<div style='clear:both'><\/div>\n\n","protected":false},"excerpt":{"rendered":"<p>La nostra azienda \u00e8 stata fondata in Italia nel 1920 e da allora \u00e8 gestita dalla famiglia Coppola. Gulf Care &#8211; Coppola Funeral Services \u00e8 un fornitore leader di servizi funebri completi e di rimpatrio per gli espatriati che si trovano ad affrontare l&#8217;angosciante situazione della perdita di una persona cara in un paese straniero. [&hellip;]<\/p>\n","protected":false},"author":1,"featured_media":0,"parent":0,"menu_order":0,"comment_status":"closed","ping_status":"closed","template":"","meta":{"footnotes":""},"class_list":["post-488","page","type-page","status-publish","hentry"],"rttpg_featured_image_url":null,"rttpg_author":{"display_name":"admin","author_link":"https:\/\/gulfcaredubai.com\/funeral-services\/author\/admin\/"},"rttpg_comment":0,"rttpg_category":" <a href=\"https:\/\/gulfcaredubai.com\/funeral-services\/it\/\" rel=\"tag\">Italiano<\/a>","rttpg_excerpt":"La nostra azienda \u00e8 stata fondata in Italia nel 1920 e da allora \u00e8 gestita dalla famiglia Coppola. Gulf Care &#8211; Coppola Funeral Services \u00e8 un fornitore leader di servizi funebri completi e di rimpatrio per gli espatriati che si trovano ad affrontare l&#8217;angosciante situazione della perdita di una persona cara in un paese straniero.&hellip;","_links":{"self":[{"href":"https:\/\/gulfcaredubai.com\/funeral-services\/wp-json\/wp\/v2\/pages\/488","targetHints":{"allow":["GET"]}}],"collection":[{"href":"https:\/\/gulfcaredubai.com\/funeral-services\/wp-json\/wp\/v2\/pages"}],"about":[{"href":"https:\/\/gulfcaredubai.com\/funeral-services\/wp-json\/wp\/v2\/types\/page"}],"author":[{"embeddable":true,"href":"https:\/\/gulfcaredubai.com\/funeral-services\/wp-json\/wp\/v2\/users\/1"}],"replies":[{"embeddable":true,"href":"https:\/\/gulfcaredubai.com\/funeral-services\/wp-json\/wp\/v2\/comments?post=488"}],"version-history":[{"count":12,"href":"https:\/\/gulfcaredubai.com\/funeral-services\/wp-json\/wp\/v2\/pages\/488\/revisions"}],"predecessor-version":[{"id":2850,"href":"https:\/\/gulfcaredubai.com\/funeral-services\/wp-json\/wp\/v2\/pages\/488\/revisions\/2850"}],"wp:attachment":[{"href":"https:\/\/gulfcaredubai.com\/funeral-services\/wp-json\/wp\/v2\/media?parent=488"}],"curies":[{"name":"wp","href":"https:\/\/api.w.org\/{rel}","templated":true}]}}